{"id":39,"date":"2018-12-07T08:16:47","date_gmt":"2018-12-07T08:16:47","guid":{"rendered":"http:\/\/tsv-blauweiss65schwedt.de\/?page_id=39"},"modified":"2025-02-07T13:15:23","modified_gmt":"2025-02-07T13:15:23","slug":"kraftsport","status":"publish","type":"page","link":"https:\/\/tsv-blauweiss65schwedt.de\/?page_id=39","title":{"rendered":"Kraftsport"},"content":{"rendered":"<p><a href=\"http:\/\/tsv-blauweiss65schwedt.de\/wp-content\/uploads\/2022\/08\/Kraftsport.jpeg\"><img loading=\"lazy\" decoding=\"async\" class=\"alignnone size-large wp-image-3070\" src=\"http:\/\/tsv-blauweiss65schwedt.de\/wp-content\/uploads\/2025\/02\/Kraftsport-724x1024.jpeg\" alt=\"\" width=\"640\" height=\"905\" srcset=\"https:\/\/tsv-blauweiss65schwedt.de\/wp-content\/uploads\/2025\/02\/Kraftsport-724x1024.jpeg 724w, https:\/\/tsv-blauweiss65schwedt.de\/wp-content\/uploads\/2025\/02\/Kraftsport-212x300.jpeg 212w, https:\/\/tsv-blauweiss65schwedt.de\/wp-content\/uploads\/2025\/02\/Kraftsport-768x1086.jpeg 768w, https:\/\/tsv-blauweiss65schwedt.de\/wp-content\/uploads\/2025\/02\/Kraftsport-1087x1536.jpeg 1087w, https:\/\/tsv-blauweiss65schwedt.de\/wp-content\/uploads\/2025\/02\/Kraftsport.jpeg 1240w\" sizes=\"auto, (max-width: 640px) 100vw, 640px\" \/><\/a><\/p>\n<p>Ansprechpartner: <strong>Ronny Pegelow<\/strong><\/p>\n<p>Email:&nbsp;&nbsp;&nbsp;&nbsp;&nbsp;&nbsp;&nbsp;&nbsp;&nbsp;&nbsp;&nbsp;&nbsp;&nbsp;&nbsp;&nbsp;&nbsp;&nbsp;&nbsp;&nbsp;&nbsp; <a href=\"mailto:chef@eisenhalle.de\"><span style=\"text-decoration: underline;\"><span style=\"color: #3366ff; text-decoration: underline;\">chef@eisenhalle.de<\/span><\/span><\/a><\/p>\n<p>Altersgruppe:&nbsp;&nbsp;&nbsp;&nbsp;&nbsp;&nbsp;&nbsp; Ab 17 Jahre m\u00e4nnlich<\/p>\n<p>Sportst\u00e4tte:&nbsp;&nbsp;&nbsp;&nbsp;&nbsp;&nbsp;&nbsp;&nbsp;&nbsp;&nbsp; Eisenhalle, Handelsstra\u00dfe 1<\/p>\n<p>Trainingstage:&nbsp;&nbsp;&nbsp;&nbsp;&nbsp; Montag bis Sonntag, 24h \/ 7 Tage mit Schl\u00fcsselvertrag<\/p>\n<p><strong>Kosten f\u00fcr Nutzung belaufen sich auf 15.00 \u20ac pro Monat.<\/strong><\/p>\n","protected":false},"excerpt":{"rendered":"<p>Ansprechpartner: Ronny Pegelow Email:&nbsp;&nbsp;&nbsp;&nbsp;&nbsp;&nbsp;&nbsp;&nbsp;&nbsp;&nbsp;&nbsp;&nbsp;&nbsp;&nbsp;&nbsp;&nbsp;&nbsp;&nbsp;&nbsp;&nbsp; chef@eisenhalle.de Altersgruppe:&nbsp;&nbsp;&nbsp;&nbsp;&nbsp;&nbsp;&nbsp; Ab 17 Jahre m\u00e4nnlich Sportst\u00e4tte:&nbsp;&nbsp;&nbsp;&nbsp;&nbsp;&nbsp;&nbsp;&nbsp;&nbsp;&nbsp; Eisenhalle, Handelsstra\u00dfe 1 Trainingstage:&nbsp;&nbsp;&nbsp;&nbsp;&nbsp; Montag bis Sonntag, 24h \/ 7 Tage mit Schl\u00fcsselvertrag Kosten f\u00fcr Nutzung belaufen sich auf 15.00 \u20ac pro Monat.<\/p>\n","protected":false},"author":1,"featured_media":0,"parent":12,"menu_order":0,"comment_status":"closed","ping_status":"closed","template":"","meta":{"ngg_post_thumbnail":0,"footnotes":""},"class_list":["post-39","page","type-page","status-publish","hentry"],"_links":{"self":[{"href":"https:\/\/tsv-blauweiss65schwedt.de\/index.php?rest_route=\/wp\/v2\/pages\/39","targetHints":{"allow":["GET"]}}],"collection":[{"href":"https:\/\/tsv-blauweiss65schwedt.de\/index.php?rest_route=\/wp\/v2\/pages"}],"about":[{"href":"https:\/\/tsv-blauweiss65schwedt.de\/index.php?rest_route=\/wp\/v2\/types\/page"}],"author":[{"embeddable":true,"href":"https:\/\/tsv-blauweiss65schwedt.de\/index.php?rest_route=\/wp\/v2\/users\/1"}],"replies":[{"embeddable":true,"href":"https:\/\/tsv-blauweiss65schwedt.de\/index.php?rest_route=%2Fwp%2Fv2%2Fcomments&post=39"}],"version-history":[{"count":0,"href":"https:\/\/tsv-blauweiss65schwedt.de\/index.php?rest_route=\/wp\/v2\/pages\/39\/revisions"}],"up":[{"embeddable":true,"href":"https:\/\/tsv-blauweiss65schwedt.de\/index.php?rest_route=\/wp\/v2\/pages\/12"}],"wp:attachment":[{"href":"https:\/\/tsv-blauweiss65schwedt.de\/index.php?rest_route=%2Fwp%2Fv2%2Fmedia&parent=39"}],"curies":[{"name":"wp","href":"https:\/\/api.w.org\/{rel}","templated":true}]}}