{"id":35,"date":"2018-12-07T07:49:49","date_gmt":"2018-12-07T07:49:49","guid":{"rendered":"http:\/\/tsv-blauweiss65schwedt.de\/?page_id=35"},"modified":"2022-10-19T11:01:19","modified_gmt":"2022-10-19T11:01:19","slug":"kontakte","status":"publish","type":"page","link":"https:\/\/tsv-blauweiss65schwedt.de\/?page_id=35","title":{"rendered":"Kontakte"},"content":{"rendered":"<p><a href=\"http:\/\/tsv-blauweiss65schwedt.de\/wp-content\/uploads\/2018\/12\/Folie03-1.jpg\"><img loading=\"lazy\" decoding=\"async\" class=\"size-medium wp-image-1713 aligncenter\" src=\"http:\/\/tsv-blauweiss65schwedt.de\/wp-content\/uploads\/2022\/10\/E639A30B-681F-45FB-A6AB-69F4CE3619E8-300x200.jpeg\" alt=\"\" width=\"300\" height=\"200\" srcset=\"https:\/\/tsv-blauweiss65schwedt.de\/wp-content\/uploads\/2022\/10\/E639A30B-681F-45FB-A6AB-69F4CE3619E8-300x200.jpeg 300w, https:\/\/tsv-blauweiss65schwedt.de\/wp-content\/uploads\/2022\/10\/E639A30B-681F-45FB-A6AB-69F4CE3619E8-1024x683.jpeg 1024w, https:\/\/tsv-blauweiss65schwedt.de\/wp-content\/uploads\/2022\/10\/E639A30B-681F-45FB-A6AB-69F4CE3619E8-768x512.jpeg 768w, https:\/\/tsv-blauweiss65schwedt.de\/wp-content\/uploads\/2022\/10\/E639A30B-681F-45FB-A6AB-69F4CE3619E8-1536x1024.jpeg 1536w, https:\/\/tsv-blauweiss65schwedt.de\/wp-content\/uploads\/2022\/10\/E639A30B-681F-45FB-A6AB-69F4CE3619E8-2048x1365.jpeg 2048w\" sizes=\"auto, (max-width: 300px) 100vw, 300px\" \/><br \/>\n<\/a><\/p>\n<p style=\"text-align: center;\"><span style=\"text-decoration: underline;\"><span style=\"font-size: 14pt;\"><strong>Gesch\u00e4ftsstelle<\/strong><\/span><\/span><\/p>\n<p style=\"text-align: center;\"><strong>TSV Blau-Wei\u00df 65 Schwedt e.V.<\/strong><br \/>\n<strong>Dr.-W.-K\u00fclz-Viertel 2b<\/strong><br \/>\n<strong>16303 Schwedt\/Oder<\/strong><br \/>\n<strong>Telefon 03332 419967 und <\/strong><strong>Telefax 03332 268466<\/strong><br \/>\n<strong>E-Mail: <a href=\"mailto:tsv-blauweiss65sdt@swschwedt.de\">tsv-blauweiss65sdt@swschwedt.de<\/a><\/strong><\/p>\n","protected":false},"excerpt":{"rendered":"<p>Gesch\u00e4ftsstelle TSV Blau-Wei\u00df 65 Schwedt e.V. Dr.-W.-K\u00fclz-Viertel 2b 16303 Schwedt\/Oder Telefon 03332 419967 und Telefax 03332 268466 E-Mail: tsv-blauweiss65sdt@swschwedt.de<\/p>\n","protected":false},"author":1,"featured_media":0,"parent":0,"menu_order":8,"comment_status":"closed","ping_status":"closed","template":"onecolumn-page.php","meta":{"ngg_post_thumbnail":0,"footnotes":""},"class_list":["post-35","page","type-page","status-publish","hentry"],"_links":{"self":[{"href":"https:\/\/tsv-blauweiss65schwedt.de\/index.php?rest_route=\/wp\/v2\/pages\/35","targetHints":{"allow":["GET"]}}],"collection":[{"href":"https:\/\/tsv-blauweiss65schwedt.de\/index.php?rest_route=\/wp\/v2\/pages"}],"about":[{"href":"https:\/\/tsv-blauweiss65schwedt.de\/index.php?rest_route=\/wp\/v2\/types\/page"}],"author":[{"embeddable":true,"href":"https:\/\/tsv-blauweiss65schwedt.de\/index.php?rest_route=\/wp\/v2\/users\/1"}],"replies":[{"embeddable":true,"href":"https:\/\/tsv-blauweiss65schwedt.de\/index.php?rest_route=%2Fwp%2Fv2%2Fcomments&post=35"}],"version-history":[{"count":0,"href":"https:\/\/tsv-blauweiss65schwedt.de\/index.php?rest_route=\/wp\/v2\/pages\/35\/revisions"}],"wp:attachment":[{"href":"https:\/\/tsv-blauweiss65schwedt.de\/index.php?rest_route=%2Fwp%2Fv2%2Fmedia&parent=35"}],"curies":[{"name":"wp","href":"https:\/\/api.w.org\/{rel}","templated":true}]}}