{"id":3425,"date":"2025-06-11T09:31:09","date_gmt":"2025-06-11T09:31:09","guid":{"rendered":"https:\/\/tsv-blauweiss65schwedt.de\/?page_id=3425"},"modified":"2025-11-28T16:35:53","modified_gmt":"2025-11-28T16:35:53","slug":"gewichtheben","status":"publish","type":"page","link":"https:\/\/tsv-blauweiss65schwedt.de\/?page_id=3425","title":{"rendered":"Gewichtheben"},"content":{"rendered":"<h2 style=\"text-align: center;\"><span style=\"color: #333399;\"><a style=\"color: #333399;\" href=\"https:\/\/gewichtheben.blauweiss65-schwedt.de\/\"><strong>Zur Homepage der Abteilung Gewichtheben<\/strong><\/a><\/span><\/h2>\n<p style=\"text-align: center;\"><img loading=\"lazy\" decoding=\"async\" class=\"alignnone size-full wp-image-3693\" src=\"http:\/\/tsv-blauweiss65schwedt.de\/wp-content\/uploads\/2025\/11\/Bild.jpeg\" alt=\"\" width=\"1240\" height=\"1753\" srcset=\"https:\/\/tsv-blauweiss65schwedt.de\/wp-content\/uploads\/2025\/11\/Bild.jpeg 1240w, https:\/\/tsv-blauweiss65schwedt.de\/wp-content\/uploads\/2025\/11\/Bild-212x300.jpeg 212w, https:\/\/tsv-blauweiss65schwedt.de\/wp-content\/uploads\/2025\/11\/Bild-724x1024.jpeg 724w, https:\/\/tsv-blauweiss65schwedt.de\/wp-content\/uploads\/2025\/11\/Bild-768x1086.jpeg 768w, https:\/\/tsv-blauweiss65schwedt.de\/wp-content\/uploads\/2025\/11\/Bild-1087x1536.jpeg 1087w\" sizes=\"auto, (max-width: 1240px) 100vw, 1240px\" \/><\/p>\n<p><strong><span style=\"text-decoration: underline;\">Bereich Gewichtheben<\/span><br \/>\n<\/strong><\/p>\n<p>Ansprechpartner:&nbsp; <strong>Jan Schulze<\/strong><\/p>\n<p>Email: &nbsp; &nbsp; &nbsp; &nbsp; &nbsp; &nbsp; &nbsp; &nbsp; &nbsp; <a href=\"mailto:jan.schulzegw@yahoo.com\">jan.schulzegw@yahoo.com<\/a><\/p>\n<p>Altersgruppe:&nbsp;&nbsp;&nbsp;&nbsp;&nbsp;&nbsp;&nbsp;&nbsp; Ab 6 Jahre m\u00e4nnlich \/ weiblich<\/p>\n<p>Sportst\u00e4tte: &nbsp; &nbsp; &nbsp; &nbsp;&nbsp;&nbsp;&nbsp; SH K\u00fclz-Viertel<\/p>\n<p>Schnuppertraining ist 4 Wochen kostenfrei.<\/p>\n<p>Montag \/ Mittwoch 15.00-17.00 Uhr<\/p>\n<p><strong><span style=\"text-decoration: underline;\">Bereich Kraftsport<\/span><br \/>\n<\/strong><\/p>\n<p>Altersgruppe:&nbsp;&nbsp;&nbsp;&nbsp;&nbsp;&nbsp;&nbsp; Ab 18 Jahre<\/p>\n<p>Sportst\u00e4tte: &nbsp; &nbsp; &nbsp; &nbsp; &nbsp;&nbsp; SH Dreiklang &nbsp;<\/p>\n<p>Trainingstage:&nbsp;&nbsp;&nbsp;&nbsp;&nbsp;&nbsp; Montag bis Freitag<\/p>\n<p>Trainingszeit:&nbsp;&nbsp;&nbsp;&nbsp;&nbsp;&nbsp;&nbsp; 10:00-12:00 Uhr, 15:00-20:00 Uhr<\/p>\n<p><span style=\"text-decoration: underline;\"><strong>Bereich Kinder und Jugendliche<\/strong><\/span><\/p>\n<p>Altersgruppe:&nbsp;&nbsp;&nbsp;&nbsp;&nbsp;&nbsp;&nbsp;&nbsp; Ab 8 Jahre weiblich<\/p>\n<p>Sportst\u00e4tte: &nbsp; &nbsp; &nbsp; &nbsp;&nbsp;&nbsp;&nbsp; SH Talsand<\/p>\n<p><strong><span style=\"text-decoration: underline;\">Bereich Frauen<\/span><br \/>\n<\/strong><\/p>\n<p>Ansprechpartner:&nbsp; <strong>Antje Bach<\/strong><\/p>\n<p>Email:&nbsp;&nbsp;&nbsp;&nbsp;&nbsp;&nbsp;&nbsp;&nbsp;&nbsp;&nbsp;&nbsp;&nbsp;&nbsp;&nbsp;&nbsp;&nbsp;&nbsp;&nbsp;&nbsp;&nbsp;&nbsp; <a href=\"mailto:dancegirl2106@aol.com\"><span style=\"text-decoration: underline;\"><span style=\"color: #3366ff; text-decoration: underline;\">dancegirl2106@aol.com<\/span><\/span><\/a><\/p>\n<p>Sportst\u00e4tte: &nbsp; &nbsp; &nbsp; &nbsp; &nbsp;&nbsp; SH Talsand<\/p>\n<p>In einem vierw\u00f6chigen Schnupperkurs k\u00f6nnen Sie sich und Ihre Kinder ausprobieren. \u00dcber die genannten Kontaktdaten k\u00f6nnen Sie sich vorher anmelden und die Trainingszeit erfragen.<\/p>\n","protected":false},"excerpt":{"rendered":"<p>Zur Homepage der Abteilung Gewichtheben Bereich Gewichtheben Ansprechpartner:&nbsp; Jan Schulze Email: &nbsp; &nbsp; &nbsp; &nbsp; &nbsp; &nbsp; &nbsp; &nbsp; &nbsp; jan.schulzegw@yahoo.com Altersgruppe:&nbsp;&nbsp;&nbsp;&nbsp;&nbsp;&nbsp;&nbsp;&nbsp; Ab 6 Jahre m\u00e4nnlich \/ weiblich Sportst\u00e4tte: &nbsp; &nbsp; &nbsp; &nbsp;&nbsp;&nbsp;&nbsp; SH K\u00fclz-Viertel Schnuppertraining ist 4 Wochen kostenfrei. &hellip; <a href=\"https:\/\/tsv-blauweiss65schwedt.de\/?page_id=3425\">Weiterlesen <span class=\"meta-nav\">&rarr;<\/span><\/a><\/p>\n","protected":false},"author":1,"featured_media":0,"parent":0,"menu_order":0,"comment_status":"closed","ping_status":"closed","template":"","meta":{"ngg_post_thumbnail":0,"footnotes":""},"class_list":["post-3425","page","type-page","status-publish","hentry"],"_links":{"self":[{"href":"https:\/\/tsv-blauweiss65schwedt.de\/index.php?rest_route=\/wp\/v2\/pages\/3425","targetHints":{"allow":["GET"]}}],"collection":[{"href":"https:\/\/tsv-blauweiss65schwedt.de\/index.php?rest_route=\/wp\/v2\/pages"}],"about":[{"href":"https:\/\/tsv-blauweiss65schwedt.de\/index.php?rest_route=\/wp\/v2\/types\/page"}],"author":[{"embeddable":true,"href":"https:\/\/tsv-blauweiss65schwedt.de\/index.php?rest_route=\/wp\/v2\/users\/1"}],"replies":[{"embeddable":true,"href":"https:\/\/tsv-blauweiss65schwedt.de\/index.php?rest_route=%2Fwp%2Fv2%2Fcomments&post=3425"}],"version-history":[{"count":4,"href":"https:\/\/tsv-blauweiss65schwedt.de\/index.php?rest_route=\/wp\/v2\/pages\/3425\/revisions"}],"predecessor-version":[{"id":3694,"href":"https:\/\/tsv-blauweiss65schwedt.de\/index.php?rest_route=\/wp\/v2\/pages\/3425\/revisions\/3694"}],"wp:attachment":[{"href":"https:\/\/tsv-blauweiss65schwedt.de\/index.php?rest_route=%2Fwp%2Fv2%2Fmedia&parent=3425"}],"curies":[{"name":"wp","href":"https:\/\/api.w.org\/{rel}","templated":true}]}}