{"id":32,"date":"2018-12-07T07:43:11","date_gmt":"2018-12-07T07:43:11","guid":{"rendered":"http:\/\/tsv-blauweiss65schwedt.de\/?page_id=32"},"modified":"2025-02-07T13:18:14","modified_gmt":"2025-02-07T13:18:14","slug":"volleyball","status":"publish","type":"page","link":"https:\/\/tsv-blauweiss65schwedt.de\/?page_id=32","title":{"rendered":"Volleyball"},"content":{"rendered":"<p style=\"text-align: left;\"><a href=\"http:\/\/tsv-blauweiss65schwedt.de\/wp-content\/uploads\/2022\/08\/Volleyball.jpeg\"><img loading=\"lazy\" decoding=\"async\" class=\"alignnone size-large wp-image-3065\" src=\"http:\/\/tsv-blauweiss65schwedt.de\/wp-content\/uploads\/2025\/02\/Volleyball-724x1024.jpeg\" alt=\"\" width=\"640\" height=\"905\" srcset=\"https:\/\/tsv-blauweiss65schwedt.de\/wp-content\/uploads\/2025\/02\/Volleyball-724x1024.jpeg 724w, https:\/\/tsv-blauweiss65schwedt.de\/wp-content\/uploads\/2025\/02\/Volleyball-212x300.jpeg 212w, https:\/\/tsv-blauweiss65schwedt.de\/wp-content\/uploads\/2025\/02\/Volleyball-768x1086.jpeg 768w, https:\/\/tsv-blauweiss65schwedt.de\/wp-content\/uploads\/2025\/02\/Volleyball-1087x1536.jpeg 1087w, https:\/\/tsv-blauweiss65schwedt.de\/wp-content\/uploads\/2025\/02\/Volleyball.jpeg 1240w\" sizes=\"auto, (max-width: 640px) 100vw, 640px\" \/><\/a><\/p>\n<p><span style=\"color: #000080; font-size: 18pt;\"><strong><a style=\"color: #000080;\" href=\"http:\/\/tsv-blauweiss65schwedt.de\/wp-content\/uploads\/2021\/11\/Trainigszeiten-Volleyball-scaled.jpg\">Trainingszeiten<\/a><\/strong><\/span><\/p>\n<p><strong><span style=\"text-decoration: underline;\">Bereich Kinder und Jugendliche<\/span><br \/>\n<\/strong><\/p>\n<p>Ansprechpartner: Henry Sommer<\/p>\n<p>Email:&nbsp;&nbsp;&nbsp;&nbsp;&nbsp;&nbsp;&nbsp;&nbsp;&nbsp;&nbsp;&nbsp;&nbsp;&nbsp;&nbsp;&nbsp;&nbsp;&nbsp;&nbsp;&nbsp;&nbsp; <a href=\"mailto:henry.sommer76@web.de\">henry.sommer76@web.de<\/a><\/p>\n<p>Altersgruppe:&nbsp;&nbsp;&nbsp;&nbsp;&nbsp;&nbsp;&nbsp;&nbsp; Ab 14 Jahre m\u00e4nnlich \/ weiblich<\/p>\n<p>Sportst\u00e4tte: &nbsp; &nbsp; &nbsp; &nbsp;&nbsp;&nbsp;&nbsp; SH K\u00fclz-Viertel<\/p>\n<p>Trainingstag: &nbsp; &nbsp; &nbsp; &nbsp; Mittwoch 17:15 Uhr<\/p>\n<p>&nbsp; &nbsp; &nbsp; &nbsp; &nbsp; &nbsp; &nbsp; &nbsp; &nbsp; &nbsp; &nbsp; &nbsp; &nbsp; &nbsp; &nbsp; &nbsp; &nbsp; Freitag &nbsp; &nbsp;18:00 Uhr<\/p>\n<p><strong><span style=\"text-decoration: underline;\">Bereich Freizeitvolleyball Erwachsene<\/span><br \/>\n<\/strong><\/p>\n<p>Sportst\u00e4tte: &nbsp; &nbsp; &nbsp; &nbsp;&nbsp;&nbsp;&nbsp; SH K\u00fclz-Viertel<\/p>\n<p>Trainingstag:&nbsp;&nbsp;&nbsp;&nbsp;&nbsp;&nbsp;&nbsp; Montag &nbsp; 19:15 Uhr<\/p>\n<p>In einem vierw\u00f6chigen Schnupperkurs k\u00f6nnen Sie sich und Ihre Kinder ausprobieren. \u00dcber die genannten Kontaktdaten k\u00f6nnen Sie sich vorher anmelden und die Trainingszeit erfragen.<\/p>\n","protected":false},"excerpt":{"rendered":"<p>Trainingszeiten Bereich Kinder und Jugendliche Ansprechpartner: Henry Sommer Email:&nbsp;&nbsp;&nbsp;&nbsp;&nbsp;&nbsp;&nbsp;&nbsp;&nbsp;&nbsp;&nbsp;&nbsp;&nbsp;&nbsp;&nbsp;&nbsp;&nbsp;&nbsp;&nbsp;&nbsp; henry.sommer76@web.de Altersgruppe:&nbsp;&nbsp;&nbsp;&nbsp;&nbsp;&nbsp;&nbsp;&nbsp; Ab 14 Jahre m\u00e4nnlich \/ weiblich Sportst\u00e4tte: &nbsp; &nbsp; &nbsp; &nbsp;&nbsp;&nbsp;&nbsp; SH K\u00fclz-Viertel Trainingstag: &nbsp; &nbsp; &nbsp; &nbsp; Mittwoch 17:15 Uhr &nbsp; &nbsp; &nbsp; &nbsp; &nbsp; &nbsp; &nbsp; &nbsp; &hellip; <a href=\"https:\/\/tsv-blauweiss65schwedt.de\/?page_id=32\">Weiterlesen <span class=\"meta-nav\">&rarr;<\/span><\/a><\/p>\n","protected":false},"author":1,"featured_media":0,"parent":12,"menu_order":0,"comment_status":"closed","ping_status":"closed","template":"","meta":{"ngg_post_thumbnail":0,"footnotes":""},"class_list":["post-32","page","type-page","status-publish","hentry"],"_links":{"self":[{"href":"https:\/\/tsv-blauweiss65schwedt.de\/index.php?rest_route=\/wp\/v2\/pages\/32","targetHints":{"allow":["GET"]}}],"collection":[{"href":"https:\/\/tsv-blauweiss65schwedt.de\/index.php?rest_route=\/wp\/v2\/pages"}],"about":[{"href":"https:\/\/tsv-blauweiss65schwedt.de\/index.php?rest_route=\/wp\/v2\/types\/page"}],"author":[{"embeddable":true,"href":"https:\/\/tsv-blauweiss65schwedt.de\/index.php?rest_route=\/wp\/v2\/users\/1"}],"replies":[{"embeddable":true,"href":"https:\/\/tsv-blauweiss65schwedt.de\/index.php?rest_route=%2Fwp%2Fv2%2Fcomments&post=32"}],"version-history":[{"count":0,"href":"https:\/\/tsv-blauweiss65schwedt.de\/index.php?rest_route=\/wp\/v2\/pages\/32\/revisions"}],"up":[{"embeddable":true,"href":"https:\/\/tsv-blauweiss65schwedt.de\/index.php?rest_route=\/wp\/v2\/pages\/12"}],"wp:attachment":[{"href":"https:\/\/tsv-blauweiss65schwedt.de\/index.php?rest_route=%2Fwp%2Fv2%2Fmedia&parent=32"}],"curies":[{"name":"wp","href":"https:\/\/api.w.org\/{rel}","templated":true}]}}