{"id":3114,"date":"2025-02-20T11:49:43","date_gmt":"2025-02-20T11:49:43","guid":{"rendered":"https:\/\/tsv-blauweiss65schwedt.de\/?page_id=3114"},"modified":"2026-01-06T16:16:38","modified_gmt":"2026-01-06T16:16:38","slug":"oeffnungszeiten-geschaeftsstelle","status":"publish","type":"page","link":"https:\/\/tsv-blauweiss65schwedt.de\/?page_id=3114","title":{"rendered":"Gesch\u00e4ftsstelle"},"content":{"rendered":"<p><strong>\u00d6ffnungszeiten der Gesch\u00e4ftsstelle ab 6. Januar 2026<\/strong><\/p>\n<p><strong>Dienstag<\/strong>&nbsp; &nbsp; &nbsp; &nbsp; &nbsp; 12.30 \u2013 14.30 Uhr sowie 15.00 \u2013 18.00 Uhr<br \/>\n<strong>Donnerstag<\/strong>&nbsp; &nbsp; 10.00 \u2013 12.00 Uhr<br \/>\n<strong>Freitag:<\/strong> auf Nachfrage<\/p>\n<p><strong>Hinweis:<br \/>\n<\/strong>Bei Anliegen\/Anfragen zum Vereinsleben (z. B. Mitgliederverwaltung, Beitr\u00e4ge, Sportangebote) k\u00f6nnen die Mitglieder\/Interessenten eine Mail schreiben an die Adresse: <span class=\"detail-header__sendername lux-typography-headline-3\" title=\"tsv-blauweiss65sdt@swschwedt.de &lt;tsv-blauweiss65sdt@swschwedt.de&gt;\"><em>tsv-blauweiss65sdt@swschwedt.de<\/em><span class=\"detail-header__sendername-hidden\">&nbsp;<br \/>\nDie Anfragen werden dann m\u00f6glichst zeitnah durch schriftliche Antworten oder per R\u00fcckruf (bitte Telefonnummer in der Anfrage dazu mit angeben!) beantwortet.<\/span><\/span><\/p>\n<p>&#8211; Der Vorstand &#8211;<\/p>\n","protected":false},"excerpt":{"rendered":"<p>\u00d6ffnungszeiten der Gesch\u00e4ftsstelle ab 6. Januar 2026 Dienstag&nbsp; &nbsp; &nbsp; &nbsp; &nbsp; 12.30 \u2013 14.30 Uhr sowie 15.00 \u2013 18.00 Uhr Donnerstag&nbsp; &nbsp; 10.00 \u2013 12.00 Uhr Freitag: auf Nachfrage Hinweis: Bei Anliegen\/Anfragen zum Vereinsleben (z. B. Mitgliederverwaltung, Beitr\u00e4ge, Sportangebote) &hellip; <a href=\"https:\/\/tsv-blauweiss65schwedt.de\/?page_id=3114\">Weiterlesen <span class=\"meta-nav\">&rarr;<\/span><\/a><\/p>\n","protected":false},"author":1,"featured_media":0,"parent":0,"menu_order":0,"comment_status":"closed","ping_status":"closed","template":"","meta":{"ngg_post_thumbnail":0,"footnotes":""},"class_list":["post-3114","page","type-page","status-publish","hentry"],"_links":{"self":[{"href":"https:\/\/tsv-blauweiss65schwedt.de\/index.php?rest_route=\/wp\/v2\/pages\/3114","targetHints":{"allow":["GET"]}}],"collection":[{"href":"https:\/\/tsv-blauweiss65schwedt.de\/index.php?rest_route=\/wp\/v2\/pages"}],"about":[{"href":"https:\/\/tsv-blauweiss65schwedt.de\/index.php?rest_route=\/wp\/v2\/types\/page"}],"author":[{"embeddable":true,"href":"https:\/\/tsv-blauweiss65schwedt.de\/index.php?rest_route=\/wp\/v2\/users\/1"}],"replies":[{"embeddable":true,"href":"https:\/\/tsv-blauweiss65schwedt.de\/index.php?rest_route=%2Fwp%2Fv2%2Fcomments&post=3114"}],"version-history":[{"count":14,"href":"https:\/\/tsv-blauweiss65schwedt.de\/index.php?rest_route=\/wp\/v2\/pages\/3114\/revisions"}],"predecessor-version":[{"id":3794,"href":"https:\/\/tsv-blauweiss65schwedt.de\/index.php?rest_route=\/wp\/v2\/pages\/3114\/revisions\/3794"}],"wp:attachment":[{"href":"https:\/\/tsv-blauweiss65schwedt.de\/index.php?rest_route=%2Fwp%2Fv2%2Fmedia&parent=3114"}],"curies":[{"name":"wp","href":"https:\/\/api.w.org\/{rel}","templated":true}]}}