{"id":26,"date":"2018-12-07T07:41:14","date_gmt":"2018-12-07T07:41:14","guid":{"rendered":"http:\/\/tsv-blauweiss65schwedt.de\/?page_id=26"},"modified":"2025-02-07T13:15:53","modified_gmt":"2025-02-07T13:15:53","slug":"leichtathletik","status":"publish","type":"page","link":"https:\/\/tsv-blauweiss65schwedt.de\/?page_id=26","title":{"rendered":"Leichtathletik"},"content":{"rendered":"<h2 style=\"text-align: center;\"><span style=\"color: #3366ff;\"><a style=\"color: #3366ff;\" href=\"http:\/\/leichtathletik.blauweiss65-schwedt.de\/\"><strong>Zur Homepage der Abteilung Leichtathletik&nbsp;<\/strong><\/a><\/span><\/h2>\n<p style=\"text-align: center;\"><img loading=\"lazy\" decoding=\"async\" class=\"alignnone size-large wp-image-3069\" src=\"http:\/\/tsv-blauweiss65schwedt.de\/wp-content\/uploads\/2025\/02\/Leichtathletik-724x1024.jpeg\" alt=\"\" width=\"640\" height=\"905\" srcset=\"https:\/\/tsv-blauweiss65schwedt.de\/wp-content\/uploads\/2025\/02\/Leichtathletik-724x1024.jpeg 724w, https:\/\/tsv-blauweiss65schwedt.de\/wp-content\/uploads\/2025\/02\/Leichtathletik-212x300.jpeg 212w, https:\/\/tsv-blauweiss65schwedt.de\/wp-content\/uploads\/2025\/02\/Leichtathletik-768x1086.jpeg 768w, https:\/\/tsv-blauweiss65schwedt.de\/wp-content\/uploads\/2025\/02\/Leichtathletik-1087x1536.jpeg 1087w, https:\/\/tsv-blauweiss65schwedt.de\/wp-content\/uploads\/2025\/02\/Leichtathletik.jpeg 1240w\" sizes=\"auto, (max-width: 640px) 100vw, 640px\" \/><\/p>\n<p><span style=\"text-decoration: underline;\"><strong>Bereich Kinder und Jugendliche<\/strong><\/span><\/p>\n<p>Ansprechpartner: <strong>Detlef Barsch<\/strong><\/p>\n<p>Email:&nbsp;&nbsp;&nbsp;&nbsp;&nbsp;&nbsp;&nbsp;&nbsp;&nbsp;&nbsp;&nbsp;&nbsp;&nbsp;&nbsp;&nbsp;&nbsp;&nbsp;&nbsp;&nbsp;&nbsp; <a href=\"mailto:leichtathletik.schwedt@gmx.de\"><span style=\"text-decoration: underline;\"><span style=\"color: #3366ff; text-decoration: underline;\">leichtathletik.schwedt@gmx.de<\/span><\/span><\/a><\/p>\n<p>Altersgruppe:&nbsp;&nbsp;&nbsp;&nbsp;&nbsp;&nbsp; Ab 8 Jahre m\u00e4nnlich \/ weiblich<\/p>\n<p>Sportst\u00e4tte:&nbsp;&nbsp;&nbsp;&nbsp;&nbsp;&nbsp;&nbsp;&nbsp;&nbsp;&nbsp; SH Neue Zeit (Winter) und SP K\u00fclz-Viertel (Sommer)<\/p>\n<p>&nbsp;Trainingstage: &nbsp; &nbsp; Dienstag und Donnerstag<\/p>\n<p><span style=\"text-decoration: underline;\"><strong>Bereich Laufgruppe Schwedter Hasen<\/strong><\/span><\/p>\n<p>Ansprechpartner: <strong>Burkhardt Burmeister<br \/>\n<\/strong><\/p>\n<p>Email:&nbsp;&nbsp;&nbsp;&nbsp;&nbsp;&nbsp;&nbsp;&nbsp;&nbsp;&nbsp;&nbsp;&nbsp;&nbsp;&nbsp;&nbsp;&nbsp;&nbsp;&nbsp;&nbsp;&nbsp; <a href=\"mailto:burkhardt.bb@t-online.de\"><span style=\"text-decoration: underline;\"><span style=\"color: #3366ff; text-decoration: underline;\">burkhardt.bb@t-online.de<\/span><\/span><\/a><\/p>\n<p>In einem vierw\u00f6chigen Schnupperkurs k\u00f6nnen Sie sich und Ihre Kinder ausprobieren. \u00dcber die genannten Kontaktdaten k\u00f6nnen Sie sich vorher anmelden und die Trainingszeit erfragen.&nbsp;&nbsp;<\/p>\n","protected":false},"excerpt":{"rendered":"<p>Zur Homepage der Abteilung Leichtathletik&nbsp; Bereich Kinder und Jugendliche Ansprechpartner: Detlef Barsch Email:&nbsp;&nbsp;&nbsp;&nbsp;&nbsp;&nbsp;&nbsp;&nbsp;&nbsp;&nbsp;&nbsp;&nbsp;&nbsp;&nbsp;&nbsp;&nbsp;&nbsp;&nbsp;&nbsp;&nbsp; leichtathletik.schwedt@gmx.de Altersgruppe:&nbsp;&nbsp;&nbsp;&nbsp;&nbsp;&nbsp; Ab 8 Jahre m\u00e4nnlich \/ weiblich Sportst\u00e4tte:&nbsp;&nbsp;&nbsp;&nbsp;&nbsp;&nbsp;&nbsp;&nbsp;&nbsp;&nbsp; SH Neue Zeit (Winter) und SP K\u00fclz-Viertel (Sommer) &nbsp;Trainingstage: &nbsp; &nbsp; Dienstag und Donnerstag Bereich Laufgruppe Schwedter Hasen &hellip; <a href=\"https:\/\/tsv-blauweiss65schwedt.de\/?page_id=26\">Weiterlesen <span class=\"meta-nav\">&rarr;<\/span><\/a><\/p>\n","protected":false},"author":1,"featured_media":0,"parent":12,"menu_order":0,"comment_status":"closed","ping_status":"closed","template":"","meta":{"ngg_post_thumbnail":0,"footnotes":""},"class_list":["post-26","page","type-page","status-publish","hentry"],"_links":{"self":[{"href":"https:\/\/tsv-blauweiss65schwedt.de\/index.php?rest_route=\/wp\/v2\/pages\/26","targetHints":{"allow":["GET"]}}],"collection":[{"href":"https:\/\/tsv-blauweiss65schwedt.de\/index.php?rest_route=\/wp\/v2\/pages"}],"about":[{"href":"https:\/\/tsv-blauweiss65schwedt.de\/index.php?rest_route=\/wp\/v2\/types\/page"}],"author":[{"embeddable":true,"href":"https:\/\/tsv-blauweiss65schwedt.de\/index.php?rest_route=\/wp\/v2\/users\/1"}],"replies":[{"embeddable":true,"href":"https:\/\/tsv-blauweiss65schwedt.de\/index.php?rest_route=%2Fwp%2Fv2%2Fcomments&post=26"}],"version-history":[{"count":0,"href":"https:\/\/tsv-blauweiss65schwedt.de\/index.php?rest_route=\/wp\/v2\/pages\/26\/revisions"}],"up":[{"embeddable":true,"href":"https:\/\/tsv-blauweiss65schwedt.de\/index.php?rest_route=\/wp\/v2\/pages\/12"}],"wp:attachment":[{"href":"https:\/\/tsv-blauweiss65schwedt.de\/index.php?rest_route=%2Fwp%2Fv2%2Fmedia&parent=26"}],"curies":[{"name":"wp","href":"https:\/\/api.w.org\/{rel}","templated":true}]}}