{"id":23,"date":"2018-12-06T17:35:47","date_gmt":"2018-12-06T17:35:47","guid":{"rendered":"http:\/\/tsv-blauweiss65schwedt.de\/?page_id=23"},"modified":"2025-02-07T13:17:25","modified_gmt":"2025-02-07T13:17:25","slug":"sgz","status":"publish","type":"page","link":"https:\/\/tsv-blauweiss65schwedt.de\/?page_id=23","title":{"rendered":"SGZ"},"content":{"rendered":"<h2 style=\"text-align: center;\">&nbsp;<\/h2>\n<p>&nbsp;<\/p>\n<p><strong><span style=\"text-decoration: underline;\"><img loading=\"lazy\" decoding=\"async\" class=\"alignnone size-large wp-image-3067\" src=\"http:\/\/tsv-blauweiss65schwedt.de\/wp-content\/uploads\/2025\/02\/SGZ-724x1024.jpeg\" alt=\"\" width=\"640\" height=\"905\" srcset=\"https:\/\/tsv-blauweiss65schwedt.de\/wp-content\/uploads\/2025\/02\/SGZ-724x1024.jpeg 724w, https:\/\/tsv-blauweiss65schwedt.de\/wp-content\/uploads\/2025\/02\/SGZ-212x300.jpeg 212w, https:\/\/tsv-blauweiss65schwedt.de\/wp-content\/uploads\/2025\/02\/SGZ-768x1086.jpeg 768w, https:\/\/tsv-blauweiss65schwedt.de\/wp-content\/uploads\/2025\/02\/SGZ-1087x1536.jpeg 1087w, https:\/\/tsv-blauweiss65schwedt.de\/wp-content\/uploads\/2025\/02\/SGZ.jpeg 1240w\" sizes=\"auto, (max-width: 640px) 100vw, 640px\" \/>Bereich Gesundheitssport<\/span><br \/>\n<\/strong><\/p>\n<p>Ansprechpartner:&nbsp; <strong>Milan Lampka<\/strong><\/p>\n<p>Email:&nbsp;&nbsp;&nbsp;&nbsp;&nbsp;&nbsp;&nbsp;&nbsp;&nbsp;&nbsp;&nbsp;&nbsp;&nbsp;&nbsp;&nbsp;&nbsp;&nbsp;&nbsp;&nbsp;&nbsp;&nbsp; <a href=\"mailto:sgz-schwedt@swschwedt.de\"><span style=\"text-decoration: underline;\"><span style=\"color: #3366ff; text-decoration: underline;\">sgz-schwedt@swschwedt.de<\/span><\/span><\/a><\/p>\n<p>Sportangebote:&nbsp;&nbsp;&nbsp;&nbsp;&nbsp; St\u00fctz-und Bewegungsapparat, Vorbeugung Arthrose, Herz-Kreislauf<\/p>\n<p>Gymnastik:&nbsp;&nbsp;&nbsp;&nbsp;&nbsp;&nbsp;&nbsp;&nbsp;&nbsp;&nbsp;&nbsp; F\u00fcr Frauen und M\u00e4nner ab 40 Jahren<\/p>\n<p>Sportst\u00e4tte: &nbsp; &nbsp; &nbsp; &nbsp;&nbsp;&nbsp;&nbsp; SH Dreiklang und SH Talsand<\/p>\n<p>In einem vierw\u00f6chigen Schnupperkurs k\u00f6nnen Sie sich ausprobieren. \u00dcber die genannten Kontaktdaten k\u00f6nnen Sie sich vorher anmelden und die Trainingszeit erfragen.<\/p>\n<p><strong><span style=\"text-decoration: underline;\">Bereich Rehabilitationssport<\/span><br \/>\n<\/strong><\/p>\n<p>Ansprechpartner:&nbsp; <strong>Milan Lampka<\/strong><\/p>\n<p>Email:&nbsp;&nbsp;&nbsp;&nbsp;&nbsp;&nbsp;&nbsp;&nbsp;&nbsp;&nbsp;&nbsp;&nbsp;&nbsp;&nbsp;&nbsp;&nbsp;&nbsp;&nbsp;&nbsp;&nbsp;&nbsp; <a href=\"mailto:sgz-schwedt@swschwedt.de\"><span style=\"text-decoration: underline;\"><span style=\"color: #3366ff; text-decoration: underline;\">sgz-schwedt@swschwedt.de<\/span><\/span><\/a><\/p>\n<p>Sportangebote:&nbsp;&nbsp;&nbsp;&nbsp;&nbsp; Orthop\u00e4die, Osteoporose, Arthrose, Endoprothese, Herzsport<\/p>\n<p>Sportst\u00e4tte: &nbsp; &nbsp; &nbsp; &nbsp;&nbsp;&nbsp;&nbsp;&nbsp; SH Dreiklang<\/p>\n<p>Terminabsprachen bitte pers\u00f6nlich in der SH K\u00fclzviertel am Dienstag von 12:00-13:30 Uhr bzw. telefonisch unter 03332 \/ 839774.<\/p>\n","protected":false},"excerpt":{"rendered":"<p>&nbsp; &nbsp; Bereich Gesundheitssport Ansprechpartner:&nbsp; Milan Lampka Email:&nbsp;&nbsp;&nbsp;&nbsp;&nbsp;&nbsp;&nbsp;&nbsp;&nbsp;&nbsp;&nbsp;&nbsp;&nbsp;&nbsp;&nbsp;&nbsp;&nbsp;&nbsp;&nbsp;&nbsp;&nbsp; sgz-schwedt@swschwedt.de Sportangebote:&nbsp;&nbsp;&nbsp;&nbsp;&nbsp; St\u00fctz-und Bewegungsapparat, Vorbeugung Arthrose, Herz-Kreislauf Gymnastik:&nbsp;&nbsp;&nbsp;&nbsp;&nbsp;&nbsp;&nbsp;&nbsp;&nbsp;&nbsp;&nbsp; F\u00fcr Frauen und M\u00e4nner ab 40 Jahren Sportst\u00e4tte: &nbsp; &nbsp; &nbsp; &nbsp;&nbsp;&nbsp;&nbsp; SH Dreiklang und SH Talsand In einem vierw\u00f6chigen Schnupperkurs k\u00f6nnen Sie sich &hellip; <a href=\"https:\/\/tsv-blauweiss65schwedt.de\/?page_id=23\">Weiterlesen <span class=\"meta-nav\">&rarr;<\/span><\/a><\/p>\n","protected":false},"author":1,"featured_media":0,"parent":12,"menu_order":0,"comment_status":"closed","ping_status":"closed","template":"","meta":{"ngg_post_thumbnail":0,"footnotes":""},"class_list":["post-23","page","type-page","status-publish","hentry"],"_links":{"self":[{"href":"https:\/\/tsv-blauweiss65schwedt.de\/index.php?rest_route=\/wp\/v2\/pages\/23","targetHints":{"allow":["GET"]}}],"collection":[{"href":"https:\/\/tsv-blauweiss65schwedt.de\/index.php?rest_route=\/wp\/v2\/pages"}],"about":[{"href":"https:\/\/tsv-blauweiss65schwedt.de\/index.php?rest_route=\/wp\/v2\/types\/page"}],"author":[{"embeddable":true,"href":"https:\/\/tsv-blauweiss65schwedt.de\/index.php?rest_route=\/wp\/v2\/users\/1"}],"replies":[{"embeddable":true,"href":"https:\/\/tsv-blauweiss65schwedt.de\/index.php?rest_route=%2Fwp%2Fv2%2Fcomments&post=23"}],"version-history":[{"count":0,"href":"https:\/\/tsv-blauweiss65schwedt.de\/index.php?rest_route=\/wp\/v2\/pages\/23\/revisions"}],"up":[{"embeddable":true,"href":"https:\/\/tsv-blauweiss65schwedt.de\/index.php?rest_route=\/wp\/v2\/pages\/12"}],"wp:attachment":[{"href":"https:\/\/tsv-blauweiss65schwedt.de\/index.php?rest_route=%2Fwp%2Fv2%2Fmedia&parent=23"}],"curies":[{"name":"wp","href":"https:\/\/api.w.org\/{rel}","templated":true}]}}